{"id":16077,"date":"2025-09-15T12:41:28","date_gmt":"2025-09-15T12:41:28","guid":{"rendered":"https:\/\/www.shifengenergy.com\/?post_type=product&#038;p=16077"},"modified":"2025-09-15T13:18:10","modified_gmt":"2025-09-15T13:18:10","slug":"galaxy-5015-2","status":"publish","type":"product","link":"https:\/\/www.shifengenergy.com\/es\/producto\/galaxy-5015-2\/","title":{"rendered":"Galaxy 5015"},"content":{"rendered":"<p><b>Features <\/b><\/p>\n<p>\u00d8 <b>Liquid Cooling System <\/b><\/p>\n<p>\u00d8 <b>Centralized Management <\/b><\/p>\n<p>\u00d8 <b>Support Grid-forming, Islanding Detection <\/b><\/p>\n<p>\u00d8 <b>VSG , PQ ,VF Function Available <\/b><\/p>\n<p>\u00d8 <b>Plug and Play <\/b><\/p>\n<p>\u00d8 <b>More Cost-effective<\/b><\/p>\n<style>\nspan.woocommerce-Price-amount.amount {\n    display: block !important;\n}\n<\/style>","protected":false},"excerpt":{"rendered":"<p>Features \u00d8 Liquid Cooling System \u00d8 Centralized Management \u00d8 Support Grid-forming, Islanding Detection \u00d8 VSG , PQ ,VF Function Available<\/p>","protected":false},"featured_media":16078,"comment_status":"open","ping_status":"closed","template":"","meta":[],"product_brand":[],"product_cat":[670],"product_tag":[],"class_list":{"0":"post-16077","1":"product","2":"type-product","3":"status-publish","4":"has-post-thumbnail","6":"product_cat-uncategorized","8":"first","9":"instock","10":"shipping-taxable","11":"purchasable","12":"product-type-simple"},"_links":{"self":[{"href":"https:\/\/www.shifengenergy.com\/es\/wp-json\/wp\/v2\/product\/16077","targetHints":{"allow":["GET"]}}],"collection":[{"href":"https:\/\/www.shifengenergy.com\/es\/wp-json\/wp\/v2\/product"}],"about":[{"href":"https:\/\/www.shifengenergy.com\/es\/wp-json\/wp\/v2\/types\/product"}],"replies":[{"embeddable":true,"href":"https:\/\/www.shifengenergy.com\/es\/wp-json\/wp\/v2\/comments?post=16077"}],"wp:featuredmedia":[{"embeddable":true,"href":"https:\/\/www.shifengenergy.com\/es\/wp-json\/wp\/v2\/media\/16078"}],"wp:attachment":[{"href":"https:\/\/www.shifengenergy.com\/es\/wp-json\/wp\/v2\/media?parent=16077"}],"wp:term":[{"taxonomy":"product_brand","embeddable":true,"href":"https:\/\/www.shifengenergy.com\/es\/wp-json\/wp\/v2\/product_brand?post=16077"},{"taxonomy":"product_cat","embeddable":true,"href":"https:\/\/www.shifengenergy.com\/es\/wp-json\/wp\/v2\/product_cat?post=16077"},{"taxonomy":"product_tag","embeddable":true,"href":"https:\/\/www.shifengenergy.com\/es\/wp-json\/wp\/v2\/product_tag?post=16077"}],"curies":[{"name":"wp","href":"https:\/\/api.w.org\/{rel}","templated":true}]}}